{"id":2251,"date":"2024-10-17T13:23:30","date_gmt":"2024-10-17T13:23:30","guid":{"rendered":"https:\/\/takav2.wearetaka.com\/?page_id=2251"},"modified":"2025-12-30T00:45:11","modified_gmt":"2025-12-29T22:45:11","slug":"mentions-legales","status":"publish","type":"page","link":"https:\/\/wearetaka.com\/en\/mentions-legales\/","title":{"rendered":"MENTIONS L\u00c9GALES"},"content":{"rendered":"<div data-elementor-type=\"wp-page\" data-elementor-id=\"2251\" class=\"elementor elementor-2251\" data-elementor-post-type=\"page\">\n\t\t\t\t<div class=\"elementor-element elementor-element-536f382 e-flex e-con-boxed e-con e-parent\" data-id=\"536f382\" data-element_type=\"container\">\n\t\t\t\t\t<div class=\"e-con-inner\">\n\t\t<div class=\"elementor-element elementor-element-28115d6 e-con-full e-flex e-con e-child\" data-id=\"28115d6\" data-element_type=\"container\">\n\t\t\t\t<div class=\"elementor-element elementor-element-7dfda93 elementor-widget elementor-widget-heading\" data-id=\"7dfda93\" data-element_type=\"widget\" data-widget_type=\"heading.default\">\n\t\t\t\t<div class=\"elementor-widget-container\">\n\t\t\t<h2 class=\"elementor-heading-title elementor-size-default\">Mentions l\u00e9gales<\/h2>\t\t<\/div>\n\t\t\t\t<\/div>\n\t\t\t\t<\/div>\n\t\t\t\t\t<\/div>\n\t\t\t\t<\/div>\n\t\t<div class=\"elementor-element elementor-element-4409d4e e-flex e-con-boxed e-con e-parent\" data-id=\"4409d4e\" data-element_type=\"container\">\n\t\t\t\t\t<div class=\"e-con-inner\">\n\t\t\t\t<div class=\"elementor-element elementor-element-82d5e9c elementor-widget elementor-widget-text-editor\" data-id=\"82d5e9c\" data-element_type=\"widget\" data-widget_type=\"text-editor.default\">\n\t\t\t\t<div class=\"elementor-widget-container\">\n\t\t\t\t\t\t\t<div class=\"container\"><div class=\"container_inner default_template_holder clearfix page_container_inner\"><div class=\"elementor elementor-409\" data-elementor-type=\"wp-page\" data-elementor-id=\"409\" data-elementor-post-type=\"page\"><section class=\"elementor-section elementor-top-section elementor-element elementor-element-11ec78f3 elementor-section-boxed elementor-section-height-default elementor-section-height-default parallax_section_no qode_elementor_container_no\" data-id=\"11ec78f3\" data-element_type=\"section\"><div class=\"elementor-container elementor-column-gap-default\"><div class=\"elementor-column elementor-col-100 elementor-top-column elementor-element elementor-element-2c0a8b61\" data-id=\"2c0a8b61\" data-element_type=\"column\"><div class=\"elementor-widget-wrap elementor-element-populated\"><div class=\"elementor-element elementor-element-664649d5 elementor-widget elementor-widget-text-editor\" data-id=\"664649d5\" data-element_type=\"widget\" data-widget_type=\"text-editor.default\"><div class=\"elementor-widget-container\"><p>Edition du site : Le site est \u00e9dit\u00e9 par la soci\u00e9t\u00e9 ERIC FARGEAS RELATIONS PUBLIQUES, SARL au capital de 5 500 \u20ac, immatricul\u00e9e au RCS de Paris sous le num\u00e9ro 512\u202f910\u202f704. Le si\u00e8ge social est situ\u00e9 au 46 rue Saint-Dominique, Paris 75007.<\/p><\/div><\/div><div class=\"elementor-element elementor-element-a7f2f4c elementor-widget elementor-widget-text-editor\" data-id=\"a7f2f4c\" data-element_type=\"widget\" data-widget_type=\"text-editor.default\"><div class=\"elementor-widget-container\"><p>Directeur de la publication :\u202f L\u2019ensemble des donn\u00e9es pr\u00e9sent\u00e9es dans le site (textes, visuels, photographies, graphiques, documents) est la propri\u00e9t\u00e9 exclusive de la soci\u00e9t\u00e9 ERIC FARGEAS RELATIONS PUBLIQUES. Le directeur de la publication est Eric Fargeas, g\u00e9rant de la soci\u00e9t\u00e9 ERIC FARGEAS RELATIONS PUBLIQUES.\u00a0<\/p><\/div><\/div><div class=\"elementor-element elementor-element-be8ad30 elementor-widget elementor-widget-text-editor\" data-id=\"be8ad30\" data-element_type=\"widget\" data-widget_type=\"text-editor.default\"><div class=\"elementor-widget-container\"><p>H\u00e9bergement : Le site est h\u00e9berg\u00e9 par la soci\u00e9t\u00e9 OVH \u2013\u202f 2 rue Kellermann \u2013 59100 ROUBAIX \u2013 France. Pour contacter l\u2019h\u00e9bergeur, composez le 1007 (appel gratuit depuis un poste fixe).\u00a0<\/p><\/div><\/div><div class=\"elementor-element elementor-element-6a2cf0a elementor-widget elementor-widget-text-editor\" data-id=\"6a2cf0a\" data-element_type=\"widget\" data-widget_type=\"text-editor.default\"><div class=\"elementor-widget-container\"><p>Traitement des donn\u00e9es \u00e0 caract\u00e8re personnel : Pour toute information relative au traitement des donn\u00e9es \u00e0 caract\u00e8re personnel, vous pouvez aussi envoyer votre demande via la page contact de notre site ou par t\u00e9l\u00e9phone au 01 74 31 35 50.<\/p><\/div><\/div><\/div><\/div><\/div><\/section><\/div><\/div><\/div>\t\t\t\t\t\t<\/div>\n\t\t\t\t<\/div>\n\t\t\t\t\t<\/div>\n\t\t\t\t<\/div>\n\t\t\t\t<\/div>","protected":false},"excerpt":{"rendered":"<p>Mentions l\u00e9gales Edition du site : Le site est \u00e9dit\u00e9 par la soci\u00e9t\u00e9 ERIC FARGEAS RELATIONS PUBLIQUES, SARL au capital de 5 500 \u20ac, immatricul\u00e9e au RCS de Paris sous le num\u00e9ro 512\u202f910\u202f704. Le si\u00e8ge social est situ\u00e9 au 46 rue Saint-Dominique, Paris 75007. Directeur de la publication :\u202f L\u2019ensemble des donn\u00e9es pr\u00e9sent\u00e9es dans le [&hellip;]<\/p>","protected":false},"author":1,"featured_media":19,"parent":0,"menu_order":0,"comment_status":"closed","ping_status":"closed","template":"","meta":{"_acf_changed":false,"inline_featured_image":false,"footnotes":""},"class_list":["post-2251","page","type-page","status-publish","has-post-thumbnail","hentry"],"acf":[],"yoast_head":"<!-- This site is optimized with the Yoast SEO plugin v25.1 - https:\/\/yoast.com\/wordpress\/plugins\/seo\/ -->\n<title>MENTIONS L\u00c9GALES - TAKA<\/title>\n<meta name=\"description\" content=\"Consulter les mentions l\u00e9gales de TAKA, cabinet de conseil en communication, pour en savoir plus les conditions d\u2019utilisation du site.\" \/>\n<meta name=\"robots\" content=\"index, follow, max-snippet:-1, max-image-preview:large, max-video-preview:-1\" \/>\n<link rel=\"canonical\" href=\"https:\/\/wearetaka.com\/en\/mentions-legales\/\" \/>\n<meta property=\"og:locale\" content=\"en_US\" \/>\n<meta property=\"og:type\" content=\"article\" \/>\n<meta property=\"og:title\" content=\"MENTIONS L\u00c9GALES - TAKA\" \/>\n<meta property=\"og:description\" content=\"Consulter les mentions l\u00e9gales de TAKA, cabinet de conseil en communication, pour en savoir plus les conditions d\u2019utilisation du site.\" \/>\n<meta property=\"og:url\" content=\"https:\/\/wearetaka.com\/en\/mentions-legales\/\" \/>\n<meta property=\"og:site_name\" content=\"TAKA\" \/>\n<meta property=\"article:modified_time\" content=\"2025-12-29T22:45:11+00:00\" \/>\n<meta name=\"twitter:card\" content=\"summary_large_image\" \/>\n<meta name=\"twitter:label1\" content=\"Est. reading time\" \/>\n\t<meta name=\"twitter:data1\" content=\"2 minutes\" \/>\n<script type=\"application\/ld+json\" class=\"yoast-schema-graph\">{\"@context\":\"https:\/\/schema.org\",\"@graph\":[{\"@type\":\"WebPage\",\"@id\":\"https:\/\/wearetaka.com\/mentions-legales\/\",\"url\":\"https:\/\/wearetaka.com\/mentions-legales\/\",\"name\":\"MENTIONS L\u00c9GALES - TAKA\",\"isPartOf\":{\"@id\":\"https:\/\/wearetaka.com\/#website\"},\"primaryImageOfPage\":{\"@id\":\"https:\/\/wearetaka.com\/mentions-legales\/#primaryimage\"},\"image\":{\"@id\":\"https:\/\/wearetaka.com\/mentions-legales\/#primaryimage\"},\"thumbnailUrl\":\"https:\/\/wearetaka.com\/wp-content\/uploads\/2024\/08\/logo-taka.svg\",\"datePublished\":\"2024-10-17T13:23:30+00:00\",\"dateModified\":\"2025-12-29T22:45:11+00:00\",\"description\":\"Consulter les mentions l\u00e9gales de TAKA, cabinet de conseil en communication, pour en savoir plus les conditions d\u2019utilisation du site.\",\"breadcrumb\":{\"@id\":\"https:\/\/wearetaka.com\/mentions-legales\/#breadcrumb\"},\"inLanguage\":\"en-US\",\"potentialAction\":[{\"@type\":\"ReadAction\",\"target\":[\"https:\/\/wearetaka.com\/mentions-legales\/\"]}]},{\"@type\":\"ImageObject\",\"inLanguage\":\"en-US\",\"@id\":\"https:\/\/wearetaka.com\/mentions-legales\/#primaryimage\",\"url\":\"https:\/\/wearetaka.com\/wp-content\/uploads\/2024\/08\/logo-taka.svg\",\"contentUrl\":\"https:\/\/wearetaka.com\/wp-content\/uploads\/2024\/08\/logo-taka.svg\",\"width\":65,\"height\":65,\"caption\":\"Cabinet de conseil en communication - Groupe TAKA\"},{\"@type\":\"BreadcrumbList\",\"@id\":\"https:\/\/wearetaka.com\/mentions-legales\/#breadcrumb\",\"itemListElement\":[{\"@type\":\"ListItem\",\"position\":1,\"name\":\"Accueil\",\"item\":\"https:\/\/wearetaka.com\/\"},{\"@type\":\"ListItem\",\"position\":2,\"name\":\"MENTIONS L\u00c9GALES\"}]},{\"@type\":\"WebSite\",\"@id\":\"https:\/\/wearetaka.com\/#website\",\"url\":\"https:\/\/wearetaka.com\/\",\"name\":\"TAKA\",\"description\":\"\",\"potentialAction\":[{\"@type\":\"SearchAction\",\"target\":{\"@type\":\"EntryPoint\",\"urlTemplate\":\"https:\/\/wearetaka.com\/?s={search_term_string}\"},\"query-input\":{\"@type\":\"PropertyValueSpecification\",\"valueRequired\":true,\"valueName\":\"search_term_string\"}}],\"inLanguage\":\"en-US\"}]}<\/script>\n<!-- \/ Yoast SEO plugin. -->","yoast_head_json":{"title":"MENTIONS L\u00c9GALES - TAKA","description":"Consulter les mentions l\u00e9gales de TAKA, cabinet de conseil en communication, pour en savoir plus les conditions d\u2019utilisation du site.","robots":{"index":"index","follow":"follow","max-snippet":"max-snippet:-1","max-image-preview":"max-image-preview:large","max-video-preview":"max-video-preview:-1"},"canonical":"https:\/\/wearetaka.com\/en\/mentions-legales\/","og_locale":"en_US","og_type":"article","og_title":"MENTIONS L\u00c9GALES - TAKA","og_description":"Consulter les mentions l\u00e9gales de TAKA, cabinet de conseil en communication, pour en savoir plus les conditions d\u2019utilisation du site.","og_url":"https:\/\/wearetaka.com\/en\/mentions-legales\/","og_site_name":"TAKA","article_modified_time":"2025-12-29T22:45:11+00:00","twitter_card":"summary_large_image","twitter_misc":{"Est. reading time":"2 minutes"},"schema":{"@context":"https:\/\/schema.org","@graph":[{"@type":"WebPage","@id":"https:\/\/wearetaka.com\/mentions-legales\/","url":"https:\/\/wearetaka.com\/mentions-legales\/","name":"MENTIONS L\u00c9GALES - TAKA","isPartOf":{"@id":"https:\/\/wearetaka.com\/#website"},"primaryImageOfPage":{"@id":"https:\/\/wearetaka.com\/mentions-legales\/#primaryimage"},"image":{"@id":"https:\/\/wearetaka.com\/mentions-legales\/#primaryimage"},"thumbnailUrl":"https:\/\/wearetaka.com\/wp-content\/uploads\/2024\/08\/logo-taka.svg","datePublished":"2024-10-17T13:23:30+00:00","dateModified":"2025-12-29T22:45:11+00:00","description":"Consulter les mentions l\u00e9gales de TAKA, cabinet de conseil en communication, pour en savoir plus les conditions d\u2019utilisation du site.","breadcrumb":{"@id":"https:\/\/wearetaka.com\/mentions-legales\/#breadcrumb"},"inLanguage":"en-US","potentialAction":[{"@type":"ReadAction","target":["https:\/\/wearetaka.com\/mentions-legales\/"]}]},{"@type":"ImageObject","inLanguage":"en-US","@id":"https:\/\/wearetaka.com\/mentions-legales\/#primaryimage","url":"https:\/\/wearetaka.com\/wp-content\/uploads\/2024\/08\/logo-taka.svg","contentUrl":"https:\/\/wearetaka.com\/wp-content\/uploads\/2024\/08\/logo-taka.svg","width":65,"height":65,"caption":"Cabinet de conseil en communication - Groupe TAKA"},{"@type":"BreadcrumbList","@id":"https:\/\/wearetaka.com\/mentions-legales\/#breadcrumb","itemListElement":[{"@type":"ListItem","position":1,"name":"Accueil","item":"https:\/\/wearetaka.com\/"},{"@type":"ListItem","position":2,"name":"MENTIONS L\u00c9GALES"}]},{"@type":"WebSite","@id":"https:\/\/wearetaka.com\/#website","url":"https:\/\/wearetaka.com\/","name":"TAKA","description":"","potentialAction":[{"@type":"SearchAction","target":{"@type":"EntryPoint","urlTemplate":"https:\/\/wearetaka.com\/?s={search_term_string}"},"query-input":{"@type":"PropertyValueSpecification","valueRequired":true,"valueName":"search_term_string"}}],"inLanguage":"en-US"}]}},"_links":{"self":[{"href":"https:\/\/wearetaka.com\/en\/wp-json\/wp\/v2\/pages\/2251","targetHints":{"allow":["GET"]}}],"collection":[{"href":"https:\/\/wearetaka.com\/en\/wp-json\/wp\/v2\/pages"}],"about":[{"href":"https:\/\/wearetaka.com\/en\/wp-json\/wp\/v2\/types\/page"}],"author":[{"embeddable":true,"href":"https:\/\/wearetaka.com\/en\/wp-json\/wp\/v2\/users\/1"}],"replies":[{"embeddable":true,"href":"https:\/\/wearetaka.com\/en\/wp-json\/wp\/v2\/comments?post=2251"}],"version-history":[{"count":0,"href":"https:\/\/wearetaka.com\/en\/wp-json\/wp\/v2\/pages\/2251\/revisions"}],"wp:featuredmedia":[{"embeddable":true,"href":"https:\/\/wearetaka.com\/en\/wp-json\/wp\/v2\/media\/19"}],"wp:attachment":[{"href":"https:\/\/wearetaka.com\/en\/wp-json\/wp\/v2\/media?parent=2251"}],"curies":[{"name":"wp","href":"https:\/\/api.w.org\/{rel}","templated":true}]}}