{"id":2449,"date":"2024-10-17T15:05:15","date_gmt":"2024-10-17T15:05:15","guid":{"rendered":"https:\/\/takav2.wearetaka.com\/?page_id=2449"},"modified":"2025-08-11T11:34:35","modified_gmt":"2025-08-11T09:34:35","slug":"politique-de-confidentialite","status":"publish","type":"page","link":"https:\/\/wearetaka.com\/en\/politique-de-confidentialite\/","title":{"rendered":"Politique de confidentialit\u00e9"},"content":{"rendered":"<div data-elementor-type=\"wp-page\" data-elementor-id=\"2449\" class=\"elementor elementor-2449\" data-elementor-post-type=\"page\">\n\t\t\t\t<div class=\"elementor-element elementor-element-536f382 e-flex e-con-boxed e-con e-parent\" data-id=\"536f382\" data-element_type=\"container\">\n\t\t\t\t\t<div class=\"e-con-inner\">\n\t\t<div class=\"elementor-element elementor-element-28115d6 e-con-full e-flex e-con e-child\" data-id=\"28115d6\" data-element_type=\"container\">\n\t\t\t\t<div class=\"elementor-element elementor-element-7dfda93 elementor-widget elementor-widget-heading\" data-id=\"7dfda93\" data-element_type=\"widget\" data-widget_type=\"heading.default\">\n\t\t\t\t<div class=\"elementor-widget-container\">\n\t\t\t<h2 class=\"elementor-heading-title elementor-size-default\">Politique de confidentialit\u00e9<\/h2>\t\t<\/div>\n\t\t\t\t<\/div>\n\t\t\t\t<\/div>\n\t\t\t\t\t<\/div>\n\t\t\t\t<\/div>\n\t\t<div class=\"elementor-element elementor-element-fe84411 e-flex e-con-boxed e-con e-parent\" data-id=\"fe84411\" data-element_type=\"container\">\n\t\t\t\t\t<div class=\"e-con-inner\">\n\t\t\t\t<div class=\"elementor-element elementor-element-df326cc elementor-widget elementor-widget-text-editor\" data-id=\"df326cc\" data-element_type=\"widget\" data-widget_type=\"text-editor.default\">\n\t\t\t\t<div class=\"elementor-widget-container\">\n\t\t\t\t\t\t\t<div><div data-ogsc=\"rgb(0, 0, 0)\">La soci\u00e9t\u00e9 TAKA accorde une grande importance \u00e0 la protection de vos donn\u00e9es \u00e0 caract\u00e8re personnel (ci-apr\u00e8s les \u00ab Donn\u00e9es Personnelles \u00bb), qui d\u00e9signent toute information aff\u00e9rant \u00e0 une personne physique, fournie volontairement par elle ou collect\u00e9e dans le cadre de sa navigation sur le site internet <a class=\"ms-outlook-linkify\" href=\"https:\/\/wearetaka.com\/en\/\" data-ogsc=\"\">www.wearetaka.com<\/a> (ci-apr\u00e8s \u00ab le Site \u00bb).<\/div><div class=\"elementToProof\" data-ogsc=\"rgb(0, 0, 0)\">Cette notice a pour objet de d\u00e9crire la mani\u00e8re dont TAKA traite les Donn\u00e9es Personnelles collect\u00e9es lorsque vous utilisez le site internet <a id=\"LPlnk205079\" class=\"OWAAutoLink\" title=\"http:\/\/www.wearetaka.com\" href=\"https:\/\/wearetaka.com\/en\/\" data-ogsc=\"\">www.wearetaka.com<\/a>\u00a0et de vous vous informer des droits qui vous sont conf\u00e9r\u00e9s par la r\u00e8glementation en mati\u00e8re de protection de ces donn\u00e9es.<\/div><div data-ogsc=\"rgb(0, 0, 0)\">\u00a0<\/div><\/div><div><div data-ogsc=\"rgb(0, 0, 0)\">1. Finalit\u00e9 de la collecte des Donn\u00e9es Personnelles et dur\u00e9e de conservation<\/div><\/div><div><ul><li data-ogsc=\"rgb(0, 0, 0)\"><div class=\"elementToProof\">Nous contacter<br \/>TAKA collecte des Donn\u00e9es Personnelles (nom, pr\u00e9nom, email, entreprise&#8230;) via le formulaire en ligne vous permettant de nous contacter. Vos Donn\u00e9es Personnelles collect\u00e9es sont conserv\u00e9es en conformit\u00e9 \u00e0 la r\u00e9glementation en vigueur et sans demande pr\u00e9alable de votre part.<\/div><\/li><li data-ogsc=\"rgb(0, 0, 0)\">d\u2019am\u00e9lioration du Site Internet (<a href=\"https:\/\/wearetaka.com\/en\/\">https:\/\/www.wearetaka.com<\/a>) gr\u00e2ce aux statistiques anonymes via les cookies. Ce Traitement repose sur le Consentement des utilisateurs lorsque celui-ci est requis par les Lois et R\u00e8glements Applicables sur la Protection des Donn\u00e9es \u00e0 caract\u00e8re personnel. Lorsque le Consentement des utilisateurs ne sera pas n\u00e9cessaire, le Traitement pourra avoir lieu sur la base de l\u2019int\u00e9r\u00eat l\u00e9gitime de TAKA de mani\u00e8re \u00e0 am\u00e9liorer la navigation sur le Site Internet ou l\u2019utilisation de la Plateforme ;<\/li><li data-ogsc=\"rgb(0, 0, 0)\">de gestion des candidatures spontan\u00e9es via notre Site Internet, et de gestion des candidatures \u00e0 nos offres d\u2019emploi. Ce Traitement repose sur l\u2019int\u00e9r\u00eat l\u00e9gitime de TAKA afin de pouvoir traiter la demande du candidat, d\u2019analyser son profil et de pouvoir r\u00e9pondre \u00e0 sa demande afin de lui proposer un entretien le cas \u00e9ch\u00e9ant. Compte tenu du b\u00e9n\u00e9fice g\u00e9n\u00e9r\u00e9 li\u00e9 au recrutement tant pour TAKA que pour la personne concern\u00e9e, il n\u2019a pas \u00e9t\u00e9 \u00e9tabli que les int\u00e9r\u00eats ou les libert\u00e9s et droits fondamentaux des candidats pr\u00e9valaient sur l\u2019int\u00e9r\u00eat l\u00e9gitime susmentionn\u00e9.<\/li><li data-ogsc=\"rgb(0, 0, 0)\"><div class=\"elementToProof\">Cookies<br \/>Un plug-in de gestion des cookies a \u00e9t\u00e9 install\u00e9 pour vous permettre d\u00e8s votre 1\u00e8re connexion de signifier votre souhait.<br \/>Une fen\u00eatre s\u2019affichant automatiquement lors de votre premi\u00e8re connexion sur le Site d\u00e9taille les types de cookies install\u00e9s et vous permet de s\u00e9lectionner ceux dont vous acceptez l\u2019utilisation. \u00c0 noter que les cookies peuvent \u00eatre conserv\u00e9s de mani\u00e8re transitoire (tant que votre session de navigation sur internet est ouverte), ou avoir une dur\u00e9e de vie plus longue, selon leur param\u00e9trage et celui de votre navigateur internet.<br \/>Vous pouvez vous opposer \u00e0 l\u2019enregistrement des cookies (leur non-installation pouvant toutefois limiter certaines fonctionnalit\u00e9s du Site). La configuration des outils de navigation \u00e0 cette fin est d\u00e9crite par la Commission Nationale de l\u2019Informatique et des Libert\u00e9s (CNIL), \u00e0 l\u2019adresse suivante : <span data-ogsc=\"rgb(204, 51, 102)\"><a id=\"OWA6907e83d-9b67-4b9c-c432-361ea6f4a2b0\" class=\"OWAAutoLink\" title=\"https:\/\/www.cnil.fr\/fr\/cookies-et-autres-traceurs\/comment-se-proteger\/maitriser-votre-navigateur\" href=\"https:\/\/www.cnil.fr\/fr\/cookies-et-autres-traceurs\/comment-se-proteger\/maitriser-votre-navigateur\" data-ogsc=\"rgb(204, 51, 102)\">https:\/\/www.cnil.fr\/fr\/cookies-et-autres-traceurs\/comment-se-proteger\/maitriser-votre-navigateur<\/a><\/span>\u00a0.<\/div><\/li><\/ul><\/div><div><div data-ogsc=\"rgb(0, 0, 0)\"><br \/>2. Destinataires des Donn\u00e9es Personnelles<\/div><\/div><div><div class=\"elementToProof\" data-ogsc=\"rgb(0, 0, 0)\">Les Donn\u00e9es Personnelles collect\u00e9es sont trait\u00e9es par TAKA qui s\u2019engage \u00e0 ne pas les vendre, les louer ou les c\u00e9der \u00e0 des tiers.<\/div><div data-ogsc=\"rgb(0, 0, 0)\">\u00a0<\/div><\/div><div><div data-ogsc=\"rgb(0, 0, 0)\"><br \/>3. Stockage et h\u00e9bergement des Donn\u00e9es Personnelles<\/div><\/div><div><div class=\"elementToProof\" data-ogsc=\"rgb(0, 0, 0)\">Les Donn\u00e9es Personnelles collect\u00e9es par TAKA sont stock\u00e9es et h\u00e9berg\u00e9es sur des serveurs s\u00e9curis\u00e9s localis\u00e9s dans l\u2019Union europ\u00e9enne.<\/div><div data-ogsc=\"rgb(0, 0, 0)\">\u00a0<\/div><\/div><div><div data-ogsc=\"rgb(0, 0, 0)\"><br \/>4. S\u00e9curit\u00e9 des Donn\u00e9es Personnelles<\/div><\/div><div><div class=\"elementToProof\" data-ogsc=\"rgb(0, 0, 0)\">TAKA met en \u0153uvre des mesures appropri\u00e9es pour pr\u00e9server la s\u00e9curit\u00e9, la confidentialit\u00e9 et l\u2019int\u00e9grit\u00e9 des Donn\u00e9es Personnelles, afin d\u2019emp\u00eacher notamment qu\u2019elles soient d\u00e9form\u00e9es, endommag\u00e9es, ou que des tiers non autoris\u00e9s y aient acc\u00e8s.<\/div><div data-ogsc=\"rgb(0, 0, 0)\">\u00a0<\/div><\/div><div><div data-ogsc=\"rgb(0, 0, 0)\"><br \/>5. Droits exer\u00e7ables en mati\u00e8re de protection des Donn\u00e9es Personnelles<\/div><\/div><div><div data-ogsc=\"rgb(0, 0, 0)\">La r\u00e9glementation vous permet notamment de disposer des droits suivants concernant vos Donn\u00e9es Personnelles :<\/div><ul><li data-ogsc=\"rgb(0, 0, 0)\">un droit d\u2019acc\u00e8s, de rectification et de suppression ;<\/li><li data-ogsc=\"rgb(0, 0, 0)\">un droit d\u2019opposition ou de limitation de leur collecte ;<\/li><li data-ogsc=\"rgb(0, 0, 0)\">un droit \u00e0 la portabilit\u00e9 ;<\/li><li data-ogsc=\"rgb(0, 0, 0)\">un droit de d\u00e9finir du sort de vos donn\u00e9es apr\u00e8s votre d\u00e9c\u00e8s ;<\/li><li data-ogsc=\"rgb(0, 0, 0)\">un droit d\u2019introduire une r\u00e9clamation aupr\u00e8s d\u2019une autorit\u00e9 de contr\u00f4le.<\/li><\/ul><div data-ogsc=\"rgb(0, 0, 0)\">\u00a0<\/div><div><span data-ogsc=\"rgb(0, 0, 0)\">Pour plus d\u2019information, consultez la page suivante du site internet de la CNIL : <\/span><span data-ogsc=\"rgb(204, 51, 102)\"><a id=\"OWAb57dc6e5-8248-8af6-9222-fb3830b9d74b\" class=\"OWAAutoLink\" title=\"https:\/\/www.cnil.fr\/fr\/les-droits-pour-maitriser-vos-donnees-personnelles\" href=\"https:\/\/www.cnil.fr\/fr\/les-droits-pour-maitriser-vos-donnees-personnelles\" target=\"_blank\" rel=\"noopener\" data-ogsc=\"rgb(204, 51, 102)\">https:\/\/www.cnil.fr\/fr\/les-droits-pour-maitriser-vos-donnees-personnelles<\/a><\/span><span data-ogsc=\"rgb(0, 0, 0)\">.<\/span><\/div><div>\u00a0<\/div><\/div><div><div data-ogsc=\"rgb(0, 0, 0)\"><br \/>6. Contact<\/div><\/div><div><div class=\"elementToProof\" data-ogsc=\"rgb(0, 0, 0)\">\u00a0Vous pouvez contacter TAKA \u00e0 l\u2019adresse suivante : <a class=\"ms-outlook-linkify\" href=\"mailto:contact@wearetaka.com\" data-ogsc=\"\">contact@wearetaka.com<\/a><\/div><\/div>\t\t\t\t\t\t<\/div>\n\t\t\t\t<\/div>\n\t\t\t\t<div class=\"elementor-element elementor-element-d824510 elementor-widget elementor-widget-shortcode\" data-id=\"d824510\" data-element_type=\"widget\" data-widget_type=\"shortcode.default\">\n\t\t\t\t<div class=\"elementor-widget-container\">\n\t\t\t\t\t<div class=\"elementor-shortcode\"><p id=\"matomo_opted_out_intro\" style=\"display:none;\">Opt-out complete; your visits to this website will not be recorded by the Web Analytics tool. Note that if you clear your cookies, delete the opt-out cookie, or if you change computers or Web browsers, you will need to perform the opt-out procedure again.<\/p><p id=\"matomo_opted_in_intro\" >You may choose to prevent this website from aggregating and analyzing the actions you take here. Doing so will protect your privacy, but will also prevent the owner from learning from your actions and creating a better experience for you and other users.<\/p><form action=\"\">\n        <input type=\"checkbox\" id=\"matomo_optout_checkbox\" checked=\"checked\"\/>\n        <label for=\"matomo_optout_checkbox\"><strong>\n        <span id=\"matomo_opted_in_label\" >You are not opted out. Uncheck this box to opt-out.<\/span>\n\t\t<span id=\"matomo_opted_out_label\" style=\"display:none;\">You are currently opted out. Check this box to opt-in.<\/span>\n        <\/strong><\/label><input type=\"hidden\" name=\"trp-form-language\" value=\"en\"\/><\/form><noscript><p><strong style=\"color: #ff0000;\">This opt out feature requires JavaScript.<\/strong><\/p><\/noscript><p id=\"matomo_outout_err_cookies\" style=\"display: none;\"><strong>The tracking opt-out feature requires cookies to be enabled.<\/strong><\/p><\/div>\n\t\t\t\t<\/div>\n\t\t\t\t<\/div>\n\t\t\t\t\t<\/div>\n\t\t\t\t<\/div>\n\t\t\t\t<\/div>","protected":false},"excerpt":{"rendered":"<p>Politique de confidentialit\u00e9 La soci\u00e9t\u00e9 TAKA accorde une grande importance \u00e0 la protection de vos donn\u00e9es \u00e0 caract\u00e8re personnel (ci-apr\u00e8s les \u00ab Donn\u00e9es Personnelles \u00bb), qui d\u00e9signent toute information aff\u00e9rant \u00e0 une personne physique, fournie volontairement par elle ou collect\u00e9e dans le cadre de sa navigation sur le site internet www.wearetaka.com (ci-apr\u00e8s \u00ab le Site [&hellip;]<\/p>","protected":false},"author":1,"featured_media":19,"parent":0,"menu_order":0,"comment_status":"closed","ping_status":"closed","template":"","meta":{"_acf_changed":false,"inline_featured_image":false,"footnotes":""},"class_list":["post-2449","page","type-page","status-publish","has-post-thumbnail","hentry"],"acf":[],"yoast_head":"<!-- This site is optimized with the Yoast SEO plugin v25.1 - https:\/\/yoast.com\/wordpress\/plugins\/seo\/ -->\n<title>Politique de confidentialit\u00e9 - TAKA<\/title>\n<meta name=\"description\" content=\"Consulter la politique de confidentialit\u00e9 du site TAKA, cabinet de conseil en communication, pour en savoir plus sur son utilisation.\" \/>\n<meta name=\"robots\" content=\"index, follow, max-snippet:-1, max-image-preview:large, max-video-preview:-1\" \/>\n<link rel=\"canonical\" href=\"https:\/\/wearetaka.com\/en\/politique-de-confidentialite\/\" \/>\n<meta property=\"og:locale\" content=\"en_US\" \/>\n<meta property=\"og:type\" content=\"article\" \/>\n<meta property=\"og:title\" content=\"Politique de confidentialit\u00e9 - TAKA\" \/>\n<meta property=\"og:description\" content=\"Consulter la politique de confidentialit\u00e9 du site TAKA, cabinet de conseil en communication, pour en savoir plus sur son utilisation.\" \/>\n<meta property=\"og:url\" content=\"https:\/\/wearetaka.com\/en\/politique-de-confidentialite\/\" \/>\n<meta property=\"og:site_name\" content=\"TAKA\" \/>\n<meta property=\"article:modified_time\" content=\"2025-08-11T09:34:35+00:00\" \/>\n<meta name=\"twitter:card\" content=\"summary_large_image\" \/>\n<meta name=\"twitter:label1\" content=\"Est. reading time\" \/>\n\t<meta name=\"twitter:data1\" content=\"4 minutes\" \/>\n<script type=\"application\/ld+json\" class=\"yoast-schema-graph\">{\"@context\":\"https:\/\/schema.org\",\"@graph\":[{\"@type\":\"WebPage\",\"@id\":\"https:\/\/wearetaka.com\/politique-de-confidentialite\/\",\"url\":\"https:\/\/wearetaka.com\/politique-de-confidentialite\/\",\"name\":\"Politique de confidentialit\u00e9 - TAKA\",\"isPartOf\":{\"@id\":\"https:\/\/wearetaka.com\/#website\"},\"primaryImageOfPage\":{\"@id\":\"https:\/\/wearetaka.com\/politique-de-confidentialite\/#primaryimage\"},\"image\":{\"@id\":\"https:\/\/wearetaka.com\/politique-de-confidentialite\/#primaryimage\"},\"thumbnailUrl\":\"https:\/\/wearetaka.com\/wp-content\/uploads\/2024\/08\/logo-taka.svg\",\"datePublished\":\"2024-10-17T15:05:15+00:00\",\"dateModified\":\"2025-08-11T09:34:35+00:00\",\"description\":\"Consulter la politique de confidentialit\u00e9 du site TAKA, cabinet de conseil en communication, pour en savoir plus sur son utilisation.\",\"breadcrumb\":{\"@id\":\"https:\/\/wearetaka.com\/politique-de-confidentialite\/#breadcrumb\"},\"inLanguage\":\"en-US\",\"potentialAction\":[{\"@type\":\"ReadAction\",\"target\":[\"https:\/\/wearetaka.com\/politique-de-confidentialite\/\"]}]},{\"@type\":\"ImageObject\",\"inLanguage\":\"en-US\",\"@id\":\"https:\/\/wearetaka.com\/politique-de-confidentialite\/#primaryimage\",\"url\":\"https:\/\/wearetaka.com\/wp-content\/uploads\/2024\/08\/logo-taka.svg\",\"contentUrl\":\"https:\/\/wearetaka.com\/wp-content\/uploads\/2024\/08\/logo-taka.svg\",\"width\":65,\"height\":65,\"caption\":\"Cabinet de conseil en communication - Groupe TAKA\"},{\"@type\":\"BreadcrumbList\",\"@id\":\"https:\/\/wearetaka.com\/politique-de-confidentialite\/#breadcrumb\",\"itemListElement\":[{\"@type\":\"ListItem\",\"position\":1,\"name\":\"Accueil\",\"item\":\"https:\/\/wearetaka.com\/\"},{\"@type\":\"ListItem\",\"position\":2,\"name\":\"Politique de confidentialit\u00e9\"}]},{\"@type\":\"WebSite\",\"@id\":\"https:\/\/wearetaka.com\/#website\",\"url\":\"https:\/\/wearetaka.com\/\",\"name\":\"TAKA\",\"description\":\"\",\"potentialAction\":[{\"@type\":\"SearchAction\",\"target\":{\"@type\":\"EntryPoint\",\"urlTemplate\":\"https:\/\/wearetaka.com\/?s={search_term_string}\"},\"query-input\":{\"@type\":\"PropertyValueSpecification\",\"valueRequired\":true,\"valueName\":\"search_term_string\"}}],\"inLanguage\":\"en-US\"}]}<\/script>\n<!-- \/ Yoast SEO plugin. -->","yoast_head_json":{"title":"Politique de confidentialit\u00e9 - TAKA","description":"Consulter la politique de confidentialit\u00e9 du site TAKA, cabinet de conseil en communication, pour en savoir plus sur son utilisation.","robots":{"index":"index","follow":"follow","max-snippet":"max-snippet:-1","max-image-preview":"max-image-preview:large","max-video-preview":"max-video-preview:-1"},"canonical":"https:\/\/wearetaka.com\/en\/politique-de-confidentialite\/","og_locale":"en_US","og_type":"article","og_title":"Politique de confidentialit\u00e9 - TAKA","og_description":"Consulter la politique de confidentialit\u00e9 du site TAKA, cabinet de conseil en communication, pour en savoir plus sur son utilisation.","og_url":"https:\/\/wearetaka.com\/en\/politique-de-confidentialite\/","og_site_name":"TAKA","article_modified_time":"2025-08-11T09:34:35+00:00","twitter_card":"summary_large_image","twitter_misc":{"Est. reading time":"4 minutes"},"schema":{"@context":"https:\/\/schema.org","@graph":[{"@type":"WebPage","@id":"https:\/\/wearetaka.com\/politique-de-confidentialite\/","url":"https:\/\/wearetaka.com\/politique-de-confidentialite\/","name":"Politique de confidentialit\u00e9 - TAKA","isPartOf":{"@id":"https:\/\/wearetaka.com\/#website"},"primaryImageOfPage":{"@id":"https:\/\/wearetaka.com\/politique-de-confidentialite\/#primaryimage"},"image":{"@id":"https:\/\/wearetaka.com\/politique-de-confidentialite\/#primaryimage"},"thumbnailUrl":"https:\/\/wearetaka.com\/wp-content\/uploads\/2024\/08\/logo-taka.svg","datePublished":"2024-10-17T15:05:15+00:00","dateModified":"2025-08-11T09:34:35+00:00","description":"Consulter la politique de confidentialit\u00e9 du site TAKA, cabinet de conseil en communication, pour en savoir plus sur son utilisation.","breadcrumb":{"@id":"https:\/\/wearetaka.com\/politique-de-confidentialite\/#breadcrumb"},"inLanguage":"en-US","potentialAction":[{"@type":"ReadAction","target":["https:\/\/wearetaka.com\/politique-de-confidentialite\/"]}]},{"@type":"ImageObject","inLanguage":"en-US","@id":"https:\/\/wearetaka.com\/politique-de-confidentialite\/#primaryimage","url":"https:\/\/wearetaka.com\/wp-content\/uploads\/2024\/08\/logo-taka.svg","contentUrl":"https:\/\/wearetaka.com\/wp-content\/uploads\/2024\/08\/logo-taka.svg","width":65,"height":65,"caption":"Cabinet de conseil en communication - Groupe TAKA"},{"@type":"BreadcrumbList","@id":"https:\/\/wearetaka.com\/politique-de-confidentialite\/#breadcrumb","itemListElement":[{"@type":"ListItem","position":1,"name":"Accueil","item":"https:\/\/wearetaka.com\/"},{"@type":"ListItem","position":2,"name":"Politique de confidentialit\u00e9"}]},{"@type":"WebSite","@id":"https:\/\/wearetaka.com\/#website","url":"https:\/\/wearetaka.com\/","name":"TAKA","description":"","potentialAction":[{"@type":"SearchAction","target":{"@type":"EntryPoint","urlTemplate":"https:\/\/wearetaka.com\/?s={search_term_string}"},"query-input":{"@type":"PropertyValueSpecification","valueRequired":true,"valueName":"search_term_string"}}],"inLanguage":"en-US"}]}},"_links":{"self":[{"href":"https:\/\/wearetaka.com\/en\/wp-json\/wp\/v2\/pages\/2449","targetHints":{"allow":["GET"]}}],"collection":[{"href":"https:\/\/wearetaka.com\/en\/wp-json\/wp\/v2\/pages"}],"about":[{"href":"https:\/\/wearetaka.com\/en\/wp-json\/wp\/v2\/types\/page"}],"author":[{"embeddable":true,"href":"https:\/\/wearetaka.com\/en\/wp-json\/wp\/v2\/users\/1"}],"replies":[{"embeddable":true,"href":"https:\/\/wearetaka.com\/en\/wp-json\/wp\/v2\/comments?post=2449"}],"version-history":[{"count":0,"href":"https:\/\/wearetaka.com\/en\/wp-json\/wp\/v2\/pages\/2449\/revisions"}],"wp:featuredmedia":[{"embeddable":true,"href":"https:\/\/wearetaka.com\/en\/wp-json\/wp\/v2\/media\/19"}],"wp:attachment":[{"href":"https:\/\/wearetaka.com\/en\/wp-json\/wp\/v2\/media?parent=2449"}],"curies":[{"name":"wp","href":"https:\/\/api.w.org\/{rel}","templated":true}]}}